{"id":454,"date":"2018-11-06T03:26:57","date_gmt":"2018-11-06T03:26:57","guid":{"rendered":"http:\/\/atelierlidiapolla.com\/?page_id=454"},"modified":"2019-02-06T19:31:39","modified_gmt":"2019-02-06T19:31:39","slug":"condiciones","status":"publish","type":"page","link":"https:\/\/www.atelierlidiapolla.com\/fr\/condiciones\/","title":{"rendered":"Conditions"},"content":{"rendered":"<h3><strong>Conditions d&#8217;annulation (except\u00e9 pour les tarifs non remboursables)<\/strong><\/h3>\n<p>L&#8217;annulation de r\u00e9servation peut \u00eatre effectu\u00e9e jusqu&#8217;\u00e0 15 jours avant la date d&#8217;arriv\u00e9e. Dans le cas d&#8217;une non-pr\u00e9sentation ou d&#8217;une annulation hors d\u00e9lai, l&#8217;acompte ou l&#8217;avance vers\u00e9e sera gard\u00e9<\/p>\n<h3><strong>Conditions de paiement<\/strong><\/h3>\n<p>Le paiement du solde s&#8217;effectuera au check-out<\/p>\n<p>Dans le cas &#8211; lorsque c&#8217;est pr\u00e9vu par la structure &#8211; de tarif \u00e0 prix r\u00e9duit non remboursable, le voyageur est tenu d&#8217;effectuer le paiement anticip\u00e9 et suivant les modalit\u00e9s indiqu\u00e9es pour confirmer la r\u00e9servation. Le paiement ne sera pas rembours\u00e9 en cas d&#8217;annulation du s\u00e9jour.<\/p>\n<h3><strong>Conditions du s\u00e9jour<\/strong><\/h3>\n<p>Le check-in devra \u00eatre effectu\u00e9 \u00e0 partir de 14:00h<\/p>\n<p>Le check-out devra \u00eatre effectu\u00e9 avant 10:00h<\/p>\n<p>En cas de formule avec petit d\u00e9jeuner inclus, le petit d\u00e9jeuner est servi de 08:00h \u00e0 09:30h<\/p>\n<p>Il est pr\u00e9vu une taxe de s\u00e9jour de 1,50\u20ac par personne et par nuit. Les enfants de moins de 18 ans sont exon\u00e9r\u00e9s de taxe de s\u00e9jour<\/p>\n<p>Le changement du linge de toilette est effectu\u00e9 tous les 4 jours<\/p>\n<p>Le changement des draps est effectu\u00e9 tous les 4 jours<\/p>\n<p>Le m\u00e9nage de la chambre est effectu\u00e9 tous les 1 jours. Pour que le m\u00e9nage puisse \u00eatre fait, il est conseill\u00e9 de lib\u00e9rer la chambre avant 10:00h<\/p>\n<p>Il n&#8217;est pas autoris\u00e9 de pr\u00e9parer \u00e0 manger en chambre<\/p>\n<p>Il n&#8217;est pas autoris\u00e9 d&#8217;accueillir des invit\u00e9s en chambre","protected":false},"excerpt":{"rendered":"<p>Conditions d&#8217;annulation (except\u00e9 pour les tarifs non remboursables) L&#8217;annulation de r\u00e9servation peut \u00eatre effectu\u00e9e jusqu&#8217;\u00e0 15 jours avant la date d&#8217;arriv\u00e9e. Dans le cas d&#8217;une non-pr\u00e9sentation ou d&#8217;une annulation hors d\u00e9lai, l&#8217;acompte ou l&#8217;avance vers\u00e9e sera gard\u00e9 Conditions de paiement Le paiement du solde s&#8217;effectuera au check-out Dans le cas[&#8230;]<\/p>\n","protected":false},"author":2,"featured_media":0,"parent":0,"menu_order":0,"comment_status":"closed","ping_status":"closed","template":"","meta":{"footnotes":""},"class_list":["post-454","page","type-page","status-publish","hentry"],"yoast_head":"<!-- This site is optimized with the Yoast SEO plugin v25.6 - https:\/\/yoast.com\/wordpress\/plugins\/seo\/ -->\n<title>Conditions - B&amp;B Atelier Lidia Polla Trieste<\/title>\n<meta name=\"robots\" content=\"index, follow, max-snippet:-1, max-image-preview:large, max-video-preview:-1\" \/>\n<link rel=\"canonical\" href=\"https:\/\/www.atelierlidiapolla.com\/condiciones\/\" \/>\n<meta property=\"og:locale\" content=\"fr_FR\" \/>\n<meta property=\"og:type\" content=\"article\" \/>\n<meta property=\"og:title\" content=\"Conditions - B&amp;B Atelier Lidia Polla Trieste\" \/>\n<meta property=\"og:description\" content=\"Conditions d&#8217;annulation (except\u00e9 pour les tarifs non remboursables) L&#8217;annulation de r\u00e9servation peut \u00eatre effectu\u00e9e jusqu&#8217;\u00e0 15 jours avant la date d&#8217;arriv\u00e9e. Dans le cas d&#8217;une non-pr\u00e9sentation ou d&#8217;une annulation hors d\u00e9lai, l&#8217;acompte ou l&#8217;avance vers\u00e9e sera gard\u00e9 Conditions de paiement Le paiement du solde s&#8217;effectuera au check-out Dans le cas[...]\" \/>\n<meta property=\"og:url\" content=\"https:\/\/www.atelierlidiapolla.com\/condiciones\/\" \/>\n<meta property=\"og:site_name\" content=\"B&amp;B Atelier Lidia Polla Trieste\" \/>\n<meta property=\"article:modified_time\" content=\"2019-02-06T19:31:39+00:00\" \/>\n<meta name=\"twitter:card\" content=\"summary_large_image\" \/>\n<meta name=\"twitter:label1\" content=\"Dur\u00e9e de lecture estim\u00e9e\" \/>\n\t<meta name=\"twitter:data1\" content=\"5 minutes\" \/>\n<script type=\"application\/ld+json\" class=\"yoast-schema-graph\">{\"@context\":\"https:\/\/schema.org\",\"@graph\":[{\"@type\":\"WebPage\",\"@id\":\"https:\/\/www.atelierlidiapolla.com\/condiciones\/\",\"url\":\"https:\/\/www.atelierlidiapolla.com\/condiciones\/\",\"name\":\"Conditions - B&amp;B Atelier Lidia Polla Trieste\",\"isPartOf\":{\"@id\":\"https:\/\/www.atelierlidiapolla.com\/#website\"},\"datePublished\":\"2018-11-06T03:26:57+00:00\",\"dateModified\":\"2019-02-06T19:31:39+00:00\",\"breadcrumb\":{\"@id\":\"https:\/\/www.atelierlidiapolla.com\/condiciones\/#breadcrumb\"},\"inLanguage\":\"fr-FR\",\"potentialAction\":[{\"@type\":\"ReadAction\",\"target\":[\"https:\/\/www.atelierlidiapolla.com\/condiciones\/\"]}]},{\"@type\":\"BreadcrumbList\",\"@id\":\"https:\/\/www.atelierlidiapolla.com\/condiciones\/#breadcrumb\",\"itemListElement\":[{\"@type\":\"ListItem\",\"position\":1,\"name\":\"Home\",\"item\":\"https:\/\/www.atelierlidiapolla.com\/\"},{\"@type\":\"ListItem\",\"position\":2,\"name\":\"Condizioni\"}]},{\"@type\":\"WebSite\",\"@id\":\"https:\/\/www.atelierlidiapolla.com\/#website\",\"url\":\"https:\/\/www.atelierlidiapolla.com\/\",\"name\":\"B&amp;B Atelier Lidia Polla Trieste\",\"description\":\"A Superior B&amp;B in the heart of Trieste\",\"potentialAction\":[{\"@type\":\"SearchAction\",\"target\":{\"@type\":\"EntryPoint\",\"urlTemplate\":\"https:\/\/www.atelierlidiapolla.com\/?s={search_term_string}\"},\"query-input\":{\"@type\":\"PropertyValueSpecification\",\"valueRequired\":true,\"valueName\":\"search_term_string\"}}],\"inLanguage\":\"fr-FR\"}]}<\/script>\n<!-- \/ Yoast SEO plugin. -->","yoast_head_json":{"title":"Conditions - B&amp;B Atelier Lidia Polla Trieste","robots":{"index":"index","follow":"follow","max-snippet":"max-snippet:-1","max-image-preview":"max-image-preview:large","max-video-preview":"max-video-preview:-1"},"canonical":"https:\/\/www.atelierlidiapolla.com\/condiciones\/","og_locale":"fr_FR","og_type":"article","og_title":"Conditions - B&amp;B Atelier Lidia Polla Trieste","og_description":"Conditions d&#8217;annulation (except\u00e9 pour les tarifs non remboursables) L&#8217;annulation de r\u00e9servation peut \u00eatre effectu\u00e9e jusqu&#8217;\u00e0 15 jours avant la date d&#8217;arriv\u00e9e. Dans le cas d&#8217;une non-pr\u00e9sentation ou d&#8217;une annulation hors d\u00e9lai, l&#8217;acompte ou l&#8217;avance vers\u00e9e sera gard\u00e9 Conditions de paiement Le paiement du solde s&#8217;effectuera au check-out Dans le cas[...]","og_url":"https:\/\/www.atelierlidiapolla.com\/condiciones\/","og_site_name":"B&amp;B Atelier Lidia Polla Trieste","article_modified_time":"2019-02-06T19:31:39+00:00","twitter_card":"summary_large_image","twitter_misc":{"Dur\u00e9e de lecture estim\u00e9e":"5 minutes"},"schema":{"@context":"https:\/\/schema.org","@graph":[{"@type":"WebPage","@id":"https:\/\/www.atelierlidiapolla.com\/condiciones\/","url":"https:\/\/www.atelierlidiapolla.com\/condiciones\/","name":"Conditions - B&amp;B Atelier Lidia Polla Trieste","isPartOf":{"@id":"https:\/\/www.atelierlidiapolla.com\/#website"},"datePublished":"2018-11-06T03:26:57+00:00","dateModified":"2019-02-06T19:31:39+00:00","breadcrumb":{"@id":"https:\/\/www.atelierlidiapolla.com\/condiciones\/#breadcrumb"},"inLanguage":"fr-FR","potentialAction":[{"@type":"ReadAction","target":["https:\/\/www.atelierlidiapolla.com\/condiciones\/"]}]},{"@type":"BreadcrumbList","@id":"https:\/\/www.atelierlidiapolla.com\/condiciones\/#breadcrumb","itemListElement":[{"@type":"ListItem","position":1,"name":"Home","item":"https:\/\/www.atelierlidiapolla.com\/"},{"@type":"ListItem","position":2,"name":"Condizioni"}]},{"@type":"WebSite","@id":"https:\/\/www.atelierlidiapolla.com\/#website","url":"https:\/\/www.atelierlidiapolla.com\/","name":"B&amp;B Atelier Lidia Polla Trieste","description":"A Superior B&amp;B in the heart of Trieste","potentialAction":[{"@type":"SearchAction","target":{"@type":"EntryPoint","urlTemplate":"https:\/\/www.atelierlidiapolla.com\/?s={search_term_string}"},"query-input":{"@type":"PropertyValueSpecification","valueRequired":true,"valueName":"search_term_string"}}],"inLanguage":"fr-FR"}]}},"_links":{"self":[{"href":"https:\/\/www.atelierlidiapolla.com\/fr\/wp-json\/wp\/v2\/pages\/454"}],"collection":[{"href":"https:\/\/www.atelierlidiapolla.com\/fr\/wp-json\/wp\/v2\/pages"}],"about":[{"href":"https:\/\/www.atelierlidiapolla.com\/fr\/wp-json\/wp\/v2\/types\/page"}],"author":[{"embeddable":true,"href":"https:\/\/www.atelierlidiapolla.com\/fr\/wp-json\/wp\/v2\/users\/2"}],"replies":[{"embeddable":true,"href":"https:\/\/www.atelierlidiapolla.com\/fr\/wp-json\/wp\/v2\/comments?post=454"}],"version-history":[{"count":4,"href":"https:\/\/www.atelierlidiapolla.com\/fr\/wp-json\/wp\/v2\/pages\/454\/revisions"}],"predecessor-version":[{"id":487,"href":"https:\/\/www.atelierlidiapolla.com\/fr\/wp-json\/wp\/v2\/pages\/454\/revisions\/487"}],"wp:attachment":[{"href":"https:\/\/www.atelierlidiapolla.com\/fr\/wp-json\/wp\/v2\/media?parent=454"}],"curies":[{"name":"wp","href":"https:\/\/api.w.org\/{rel}","templated":true}]}}